{"id":507,"date":"2026-02-06T12:41:54","date_gmt":"2026-02-06T11:41:54","guid":{"rendered":"https:\/\/www.massage-florian.be\/?page_id=507"},"modified":"2026-02-06T13:20:07","modified_gmt":"2026-02-06T12:20:07","slug":"507-2","status":"publish","type":"page","link":"https:\/\/www.massage-florian.be\/","title":{"rendered":""},"content":{"rendered":"\t\t<div data-elementor-type=\"wp-post\" data-elementor-id=\"507\" class=\"elementor elementor-507\">\n\t\t\t\t<div class=\"elementor-element elementor-element-50ff3d6 e-flex e-con-boxed e-con e-parent\" data-id=\"50ff3d6\" data-element_type=\"container\" data-e-type=\"container\">\n\t\t\t\t\t<div class=\"e-con-inner\">\n\t\t\t\t<div class=\"elementor-element elementor-element-435af5e elementor-widget elementor-widget-heading\" data-id=\"435af5e\" data-element_type=\"widget\" data-e-type=\"widget\" data-widget_type=\"heading.default\">\n\t\t\t\t\t<h1 class=\"elementor-heading-title elementor-size-default\">Massage bien-\u00eatre \u00e0 domicile et en entreprise \u00e0 Bruxelles<\/h1>\t\t\t\t<\/div>\n\t\t\t\t<div class=\"elementor-element elementor-element-dec477c elementor-widget elementor-widget-text-editor\" data-id=\"dec477c\" data-element_type=\"widget\" data-e-type=\"widget\" data-widget_type=\"text-editor.default\">\n\t\t\t\t\t\t\t\t\t<p>Relaxation profonde \u2013 soulagement des tensions \u2013 r\u00e9cup\u00e9ration musculaire<\/p><p>Je vous propose des massages professionnels adapt\u00e9s \u00e0 vos besoins : d\u00e9tente, r\u00e9duction du stress, soulagement musculaire ou r\u00e9cup\u00e9ration physique.<br \/>\u00c0 domicile ou en entreprise, je me d\u00e9place avec tout le mat\u00e9riel n\u00e9cessaire pour vous offrir un moment de bien-\u00eatre complet.<\/p>\t\t\t\t\t\t\t\t<\/div>\n\t\t\t\t\t<\/div>\n\t\t\t\t<\/div>\n\t\t<div class=\"elementor-element elementor-element-cf2fc60 e-flex e-con-boxed e-con e-parent\" data-id=\"cf2fc60\" data-element_type=\"container\" data-e-type=\"container\">\n\t\t\t\t\t<div class=\"e-con-inner\">\n\t\t\t\t<div class=\"elementor-element elementor-element-defb5e3 elementor-widget elementor-widget-heading\" data-id=\"defb5e3\" data-element_type=\"widget\" data-e-type=\"widget\" data-widget_type=\"heading.default\">\n\t\t\t\t\t<h2 class=\"elementor-heading-title elementor-size-default\">Un massage personnalis\u00e9, pens\u00e9 pour votre corps et votre rythme<\/h2>\t\t\t\t<\/div>\n\t\t\t\t<div class=\"elementor-element elementor-element-6f0c2b4 elementor-widget elementor-widget-text-editor\" data-id=\"6f0c2b4\" data-element_type=\"widget\" data-e-type=\"widget\" data-widget_type=\"text-editor.default\">\n\t\t\t\t\t\t\t\t\t<p>Un massage personnalis\u00e9, pens\u00e9 pour votre corps et votre rythme<\/p><p>Chaque s\u00e9ance est adapt\u00e9e \u00e0 vos attentes, votre \u00e9tat physique et votre niveau de stress.<br \/>Que vous recherchiez un moment de d\u00e9tente ou un massage plus cibl\u00e9 et profond, l\u2019objectif reste le m\u00eame : vous faire du bien durablement.<\/p><p>\u2714\ufe0f Massage sur mesure<br \/>\u2714\ufe0f Approche professionnelle et bienveillante<br \/>\u2714\ufe0f Intervention \u00e0 domicile ou sur le lieu de travail<\/p>\t\t\t\t\t\t\t\t<\/div>\n\t\t\t\t\t<\/div>\n\t\t\t\t<\/div>\n\t\t<div class=\"elementor-element elementor-element-3a60609 e-flex e-con-boxed e-con e-parent\" data-id=\"3a60609\" data-element_type=\"container\" data-e-type=\"container\">\n\t\t\t\t\t<div class=\"e-con-inner\">\n\t\t\t\t<div class=\"elementor-element elementor-element-ef0ec1b elementor-widget elementor-widget-heading\" data-id=\"ef0ec1b\" data-element_type=\"widget\" data-e-type=\"widget\" data-widget_type=\"heading.default\">\n\t\t\t\t\t<h2 class=\"elementor-heading-title elementor-size-default\">Les massages propos\u00e9s<\/h2>\t\t\t\t<\/div>\n\t\t\t\t<div class=\"elementor-element elementor-element-b2a2039 elementor-widget elementor-widget-heading\" data-id=\"b2a2039\" data-element_type=\"widget\" data-e-type=\"widget\" data-widget_type=\"heading.default\">\n\t\t\t\t\t<h3 class=\"elementor-heading-title elementor-size-default\">Massage su\u00e9dois<\/h3>\t\t\t\t<\/div>\n\t\t\t\t<div class=\"elementor-element elementor-element-9042636 elementor-widget elementor-widget-text-editor\" data-id=\"9042636\" data-element_type=\"widget\" data-e-type=\"widget\" data-widget_type=\"text-editor.default\">\n\t\t\t\t\t\t\t\t\t<p>Massage relaxant et tonifiant, id\u00e9al pour d\u00e9tendre les muscles, am\u00e9liorer la circulation et rel\u00e2cher les tensions du quotidien.<\/p>\t\t\t\t\t\t\t\t<\/div>\n\t\t\t\t<div class=\"elementor-element elementor-element-d674a13 elementor-widget elementor-widget-heading\" data-id=\"d674a13\" data-element_type=\"widget\" data-e-type=\"widget\" data-widget_type=\"heading.default\">\n\t\t\t\t\t<h3 class=\"elementor-heading-title elementor-size-default\">Massage Deep Tissue<\/h3>\t\t\t\t<\/div>\n\t\t\t\t<div class=\"elementor-element elementor-element-c4b5955 elementor-widget elementor-widget-text-editor\" data-id=\"c4b5955\" data-element_type=\"widget\" data-e-type=\"widget\" data-widget_type=\"text-editor.default\">\n\t\t\t\t\t\t\t\t\t<p>Massage en profondeur visant les tensions musculaires chroniques. Recommand\u00e9 pour les sportifs ou les douleurs persistantes.<\/p>\t\t\t\t\t\t\t\t<\/div>\n\t\t\t\t<div class=\"elementor-element elementor-element-0d4617f elementor-widget elementor-widget-heading\" data-id=\"0d4617f\" data-element_type=\"widget\" data-e-type=\"widget\" data-widget_type=\"heading.default\">\n\t\t\t\t\t<h3 class=\"elementor-heading-title elementor-size-default\">Massage dos, \u00e9paules et cou<\/h3>\t\t\t\t<\/div>\n\t\t\t\t<div class=\"elementor-element elementor-element-05e9cba elementor-widget elementor-widget-text-editor\" data-id=\"05e9cba\" data-element_type=\"widget\" data-e-type=\"widget\" data-widget_type=\"text-editor.default\">\n\t\t\t\t\t\t\t\t\t<p>Parfait pour soulager les tensions li\u00e9es au stress, au travail sur \u00e9cran et aux mauvaises postures.<\/p>\t\t\t\t\t\t\t\t<\/div>\n\t\t\t\t<div class=\"elementor-element elementor-element-7d44365 elementor-widget elementor-widget-heading\" data-id=\"7d44365\" data-element_type=\"widget\" data-e-type=\"widget\" data-widget_type=\"heading.default\">\n\t\t\t\t\t<h3 class=\"elementor-heading-title elementor-size-default\">Massage jambes et pieds<\/h3>\t\t\t\t<\/div>\n\t\t\t\t<div class=\"elementor-element elementor-element-0412be6 elementor-widget elementor-widget-text-editor\" data-id=\"0412be6\" data-element_type=\"widget\" data-e-type=\"widget\" data-widget_type=\"text-editor.default\">\n\t\t\t\t\t\t\t\t\t<p>Stimule la circulation, soulage la sensation de jambes lourdes et apporte une d\u00e9tente profonde.<\/p>\t\t\t\t\t\t\t\t<\/div>\n\t\t\t\t<div class=\"elementor-element elementor-element-3919627 elementor-widget elementor-widget-heading\" data-id=\"3919627\" data-element_type=\"widget\" data-e-type=\"widget\" data-widget_type=\"heading.default\">\n\t\t\t\t\t<h3 class=\"elementor-heading-title elementor-size-default\">Massage visage<\/h3>\t\t\t\t<\/div>\n\t\t\t\t<div class=\"elementor-element elementor-element-e9ff886 elementor-widget elementor-widget-text-editor\" data-id=\"e9ff886\" data-element_type=\"widget\" data-e-type=\"widget\" data-widget_type=\"text-editor.default\">\n\t\t\t\t\t\t\t\t\t<p>Massage relaxant du visage favorisant la d\u00e9tente, la circulation et la sensation de bien-\u00eatre g\u00e9n\u00e9ral.<\/p>\t\t\t\t\t\t\t\t<\/div>\n\t\t\t\t<div class=\"elementor-element elementor-element-833972b elementor-widget elementor-widget-heading\" data-id=\"833972b\" data-element_type=\"widget\" data-e-type=\"widget\" data-widget_type=\"heading.default\">\n\t\t\t\t\t<h3 class=\"elementor-heading-title elementor-size-default\">Massage aux ventouses<\/h3>\t\t\t\t<\/div>\n\t\t\t\t<div class=\"elementor-element elementor-element-3eec80b elementor-widget elementor-widget-text-editor\" data-id=\"3eec80b\" data-element_type=\"widget\" data-e-type=\"widget\" data-widget_type=\"text-editor.default\">\n\t\t\t\t\t\t\t\t\t<p>Technique cibl\u00e9e pour soulager certaines tensions musculaires et am\u00e9liorer la circulation locale.<\/p>\t\t\t\t\t\t\t\t<\/div>\n\t\t\t\t<div class=\"elementor-element elementor-element-6e0a68b elementor-widget elementor-widget-heading\" data-id=\"6e0a68b\" data-element_type=\"widget\" data-e-type=\"widget\" data-widget_type=\"heading.default\">\n\t\t\t\t\t<h3 class=\"elementor-heading-title elementor-size-default\">Massage enfants<\/h3>\t\t\t\t<\/div>\n\t\t\t\t<div class=\"elementor-element elementor-element-e97c4a8 elementor-widget elementor-widget-text-editor\" data-id=\"e97c4a8\" data-element_type=\"widget\" data-e-type=\"widget\" data-widget_type=\"text-editor.default\">\n\t\t\t\t\t\t\t\t\t<p>Massage doux et adapt\u00e9, favorisant la d\u00e9tente et la relaxation chez l\u2019enfant.<\/p>\t\t\t\t\t\t\t\t<\/div>\n\t\t\t\t<div class=\"elementor-element elementor-element-bf4d618 elementor-widget elementor-widget-heading\" data-id=\"bf4d618\" data-element_type=\"widget\" data-e-type=\"widget\" data-widget_type=\"heading.default\">\n\t\t\t\t\t<h3 class=\"elementor-heading-title elementor-size-default\">Massage en entreprise<\/h3>\t\t\t\t<\/div>\n\t\t\t\t<div class=\"elementor-element elementor-element-2e5bcb3 elementor-widget elementor-widget-text-editor\" data-id=\"2e5bcb3\" data-element_type=\"widget\" data-e-type=\"widget\" data-widget_type=\"text-editor.default\">\n\t\t\t\t\t\t\t\t\t<p>Intervention sur le lieu de travail pour r\u00e9duire le stress, am\u00e9liorer le bien-\u00eatre et la productivit\u00e9 des \u00e9quipes.<\/p><p>\ud83d\udc49 Me contacter pour choisir le massage le plus adapt\u00e9<\/p>\t\t\t\t\t\t\t\t<\/div>\n\t\t\t\t\t<\/div>\n\t\t\t\t<\/div>\n\t\t<div class=\"elementor-element elementor-element-3d532b7 e-flex e-con-boxed e-con e-parent\" data-id=\"3d532b7\" data-element_type=\"container\" data-e-type=\"container\">\n\t\t\t\t\t<div class=\"e-con-inner\">\n\t\t\t\t<div class=\"elementor-element elementor-element-a6c17e3 elementor-widget elementor-widget-heading\" data-id=\"a6c17e3\" data-element_type=\"widget\" data-e-type=\"widget\" data-widget_type=\"heading.default\">\n\t\t\t\t\t<h2 class=\"elementor-heading-title elementor-size-default\">Les bienfaits du massage<\/h2>\t\t\t\t<\/div>\n\t\t\t\t<div class=\"elementor-element elementor-element-246f5c0 elementor-widget elementor-widget-text-editor\" data-id=\"246f5c0\" data-element_type=\"widget\" data-e-type=\"widget\" data-widget_type=\"text-editor.default\">\n\t\t\t\t\t\t\t\t\t<p>R\u00e9duction du stress et de l\u2019anxi\u00e9t\u00e9<\/p><p>Diminution des tensions musculaires<\/p><p>Am\u00e9lioration de la circulation sanguine<\/p><p>Meilleure r\u00e9cup\u00e9ration physique<\/p><p>Am\u00e9lioration du sommeil<\/p><p>Sensation g\u00e9n\u00e9rale de d\u00e9tente et de bien-\u00eatre<\/p><p>Les massages propos\u00e9s agissent autant sur le corps que sur l\u2019esprit.<\/p>\t\t\t\t\t\t\t\t<\/div>\n\t\t\t\t\t<\/div>\n\t\t\t\t<\/div>\n\t\t<div class=\"elementor-element elementor-element-5aaf908 e-flex e-con-boxed e-con e-parent\" data-id=\"5aaf908\" data-element_type=\"container\" data-e-type=\"container\">\n\t\t\t\t\t<div class=\"e-con-inner\">\n\t\t\t\t<div class=\"elementor-element elementor-element-b26ee68 elementor-widget elementor-widget-heading\" data-id=\"b26ee68\" data-element_type=\"widget\" data-e-type=\"widget\" data-widget_type=\"heading.default\">\n\t\t\t\t\t<h2 class=\"elementor-heading-title elementor-size-default\">Tarifs des massages<\/h2>\t\t\t\t<\/div>\n\t\t\t\t<div class=\"elementor-element elementor-element-5277ec0 elementor-widget elementor-widget-text-editor\" data-id=\"5277ec0\" data-element_type=\"widget\" data-e-type=\"widget\" data-widget_type=\"text-editor.default\">\n\t\t\t\t\t\t\t\t\t<p>Massage 30 minutes \u2013 XX \u20ac<br \/>Massage 60 minutes \u2013 XX \u20ac<br \/>Massage 90 minutes \u2013 XX \u20ac<\/p><p>\ud83d\udccd D\u00e9placement inclus \u00e0 Bruxelles<br \/>\ud83d\udce6 Tarifs pr\u00e9f\u00e9rentiels possibles pour entreprises ou s\u00e9ances r\u00e9guli\u00e8res<\/p><p>\ud83d\udc49 Demander un devis personnalis\u00e9<\/p>\t\t\t\t\t\t\t\t<\/div>\n\t\t\t\t\t<\/div>\n\t\t\t\t<\/div>\n\t\t<div class=\"elementor-element elementor-element-baebf0a e-flex e-con-boxed e-con e-parent\" data-id=\"baebf0a\" data-element_type=\"container\" data-e-type=\"container\">\n\t\t\t\t\t<div class=\"e-con-inner\">\n\t\t<div class=\"elementor-element elementor-element-d1ff06a e-con-full e-flex e-con e-child\" data-id=\"d1ff06a\" data-element_type=\"container\" data-e-type=\"container\">\n\t\t\t\t<div class=\"elementor-element elementor-element-8d3b406 elementor-widget elementor-widget-heading\" data-id=\"8d3b406\" data-element_type=\"widget\" data-e-type=\"widget\" data-widget_type=\"heading.default\">\n\t\t\t\t\t<h2 class=\"elementor-heading-title elementor-size-default\">FAQ<\/h2>\t\t\t\t<\/div>\n\t\t\t\t<div class=\"elementor-element elementor-element-be9e6f0 elementor-widget elementor-widget-text-editor\" data-id=\"be9e6f0\" data-element_type=\"widget\" data-e-type=\"widget\" data-widget_type=\"text-editor.default\">\n\t\t\t\t\t\t\t\t\t<p><br \/>Questions fr\u00e9quentes<\/p><p>Faut-il du mat\u00e9riel sur place ?<br \/>Non, je me d\u00e9place avec la table de massage et tout le n\u00e9cessaire.<\/p><p>Dois-je pr\u00e9parer quelque chose avant la s\u00e9ance ?<br \/>Pr\u00e9voir un espace calme et confortable suffit.<\/p><p>Les massages sont-ils adapt\u00e9s aux sportifs ?<br \/>Oui, notamment le Deep Tissue et les massages cibl\u00e9s.<\/p><p>Puis-je offrir une s\u00e9ance en cadeau ?<br \/>Oui, il est possible d\u2019offrir un massage sous forme de bon cadeau.<\/p>\t\t\t\t\t\t\t\t<\/div>\n\t\t\t\t<\/div>\n\t\t\t\t\t<\/div>\n\t\t\t\t<\/div>\n\t\t<div class=\"elementor-element elementor-element-45cb7eb e-flex e-con-boxed e-con e-parent\" data-id=\"45cb7eb\" data-element_type=\"container\" data-e-type=\"container\">\n\t\t\t\t\t<div class=\"e-con-inner\">\n\t\t<div class=\"elementor-element elementor-element-18a8635 e-con-full e-flex e-con e-child\" data-id=\"18a8635\" data-element_type=\"container\" data-e-type=\"container\">\n\t\t\t\t<div class=\"elementor-element elementor-element-15d7762 elementor-widget elementor-widget-heading\" data-id=\"15d7762\" data-element_type=\"widget\" data-e-type=\"widget\" data-widget_type=\"heading.default\">\n\t\t\t\t\t<h2 class=\"elementor-heading-title elementor-size-default\">Contact<\/h2>\t\t\t\t<\/div>\n\t\t\t\t<div class=\"elementor-element elementor-element-98f6864 elementor-widget elementor-widget-text-editor\" data-id=\"98f6864\" data-element_type=\"widget\" data-e-type=\"widget\" data-widget_type=\"text-editor.default\">\n\t\t\t\t\t\t\t\t\t<p>\ud83d\udc49 Nom<br \/>\ud83d\udc49 Email<br \/>\ud83d\udc49 T\u00e9l\u00e9phone<br \/>\ud83d\udc49 Message<\/p>\t\t\t\t\t\t\t\t<\/div>\n\t\t\t\t<\/div>\n\t\t\t\t\t<\/div>\n\t\t\t\t<\/div>\n\t\t<div class=\"elementor-element elementor-element-81f9422 e-flex e-con-boxed e-con e-parent\" data-id=\"81f9422\" data-element_type=\"container\" data-e-type=\"container\">\n\t\t\t\t\t<div class=\"e-con-inner\">\n\t\t<div class=\"elementor-element elementor-element-fbd421a e-con-full e-flex e-con e-child\" data-id=\"fbd421a\" data-element_type=\"container\" data-e-type=\"container\">\n\t\t\t\t<div class=\"elementor-element elementor-element-ec6dc0f elementor-widget elementor-widget-heading\" data-id=\"ec6dc0f\" data-element_type=\"widget\" data-e-type=\"widget\" data-widget_type=\"heading.default\">\n\t\t\t\t\t<h2 class=\"elementor-heading-title elementor-size-default\">\u00c0 PROPOS<\/h2>\t\t\t\t<\/div>\n\t\t\t\t<div class=\"elementor-element elementor-element-b8e1a4d elementor-widget elementor-widget-text-editor\" data-id=\"b8e1a4d\" data-element_type=\"widget\" data-e-type=\"widget\" data-widget_type=\"text-editor.default\">\n\t\t\t\t\t\t\t\t\t<p>Je suis masseur professionnel et passionn\u00e9 par le bien-\u00eatre et l\u2019\u00e9coute du corps.<br \/>Mon approche repose sur l\u2019adaptation, la bienveillance et la qualit\u00e9 du toucher.<\/p><p>Chaque s\u00e9ance est un moment unique, pens\u00e9 pour r\u00e9pondre \u00e0 vos besoins sp\u00e9cifiques.<\/p>\t\t\t\t\t\t\t\t<\/div>\n\t\t\t\t<\/div>\n\t\t\t\t\t<\/div>\n\t\t\t\t<\/div>\n\t\t\t\t<\/div>\n\t\t","protected":false},"excerpt":{"rendered":"<p>Massage bien-\u00eatre \u00e0 domicile et en entreprise \u00e0 Bruxelles Relaxation profonde \u2013 soulagement des tensions \u2013 r\u00e9cup\u00e9ration musculaire Je vous propose des massages professionnels adapt\u00e9s \u00e0 vos besoins : d\u00e9tente, r\u00e9duction du stress, soulagement musculaire ou r\u00e9cup\u00e9ration physique.\u00c0 domicile ou en entreprise, je me d\u00e9place avec tout le mat\u00e9riel n\u00e9cessaire pour vous offrir un moment [&hellip;]<\/p>\n","protected":false},"author":2,"featured_media":0,"parent":0,"menu_order":0,"comment_status":"closed","ping_status":"closed","template":"","meta":{"footnotes":""},"class_list":["post-507","page","type-page","status-publish","hentry"],"yoast_head":"<!-- This site is optimized with the Yoast SEO plugin v26.9 - https:\/\/yoast.com\/product\/yoast-seo-wordpress\/ -->\n<title>- Massage Florian<\/title>\n<meta name=\"robots\" content=\"index, follow, max-snippet:-1, max-image-preview:large, max-video-preview:-1\" \/>\n<link rel=\"canonical\" href=\"https:\/\/www.massage-florian.be\/\" \/>\n<meta property=\"og:locale\" content=\"fr_FR\" \/>\n<meta property=\"og:type\" content=\"article\" \/>\n<meta property=\"og:title\" content=\"- Massage Florian\" \/>\n<meta property=\"og:description\" content=\"Massage bien-\u00eatre \u00e0 domicile et en entreprise \u00e0 Bruxelles Relaxation profonde \u2013 soulagement des tensions \u2013 r\u00e9cup\u00e9ration musculaire Je vous propose des massages professionnels adapt\u00e9s \u00e0 vos besoins : d\u00e9tente, r\u00e9duction du stress, soulagement musculaire ou r\u00e9cup\u00e9ration physique.\u00c0 domicile ou en entreprise, je me d\u00e9place avec tout le mat\u00e9riel n\u00e9cessaire pour vous offrir un moment [&hellip;]\" \/>\n<meta property=\"og:url\" content=\"https:\/\/www.massage-florian.be\/\" \/>\n<meta property=\"og:site_name\" content=\"Massage Florian\" \/>\n<meta property=\"article:modified_time\" content=\"2026-02-06T12:20:07+00:00\" \/>\n<meta name=\"twitter:card\" content=\"summary_large_image\" \/>\n<meta name=\"twitter:label1\" content=\"Dur\u00e9e de lecture estim\u00e9e\" \/>\n\t<meta name=\"twitter:data1\" content=\"3 minutes\" \/>\n<script type=\"application\/ld+json\" class=\"yoast-schema-graph\">{\"@context\":\"https:\/\/schema.org\",\"@graph\":[{\"@type\":\"WebPage\",\"@id\":\"https:\/\/www.massage-florian.be\/\",\"url\":\"https:\/\/www.massage-florian.be\/\",\"name\":\"- Massage Florian\",\"isPartOf\":{\"@id\":\"https:\/\/www.massage-florian.be\/#website\"},\"datePublished\":\"2026-02-06T11:41:54+00:00\",\"dateModified\":\"2026-02-06T12:20:07+00:00\",\"inLanguage\":\"fr-FR\",\"potentialAction\":[{\"@type\":\"ReadAction\",\"target\":[\"https:\/\/www.massage-florian.be\/\"]}]},{\"@type\":\"WebSite\",\"@id\":\"https:\/\/www.massage-florian.be\/#website\",\"url\":\"https:\/\/www.massage-florian.be\/\",\"name\":\"Massage Florian\",\"description\":\"\",\"publisher\":{\"@id\":\"https:\/\/www.massage-florian.be\/#\/schema\/person\/cb3c718aa247a0a034a80d55732c37d6\"},\"potentialAction\":[{\"@type\":\"SearchAction\",\"target\":{\"@type\":\"EntryPoint\",\"urlTemplate\":\"https:\/\/www.massage-florian.be\/?s={search_term_string}\"},\"query-input\":{\"@type\":\"PropertyValueSpecification\",\"valueRequired\":true,\"valueName\":\"search_term_string\"}}],\"inLanguage\":\"fr-FR\"},{\"@type\":[\"Person\",\"Organization\"],\"@id\":\"https:\/\/www.massage-florian.be\/#\/schema\/person\/cb3c718aa247a0a034a80d55732c37d6\",\"name\":\"Florian\",\"image\":{\"@type\":\"ImageObject\",\"inLanguage\":\"fr-FR\",\"@id\":\"https:\/\/www.massage-florian.be\/#\/schema\/person\/image\/\",\"url\":\"https:\/\/www.massage-florian.be\/wp-content\/uploads\/2023\/10\/logo.jpg\",\"contentUrl\":\"https:\/\/www.massage-florian.be\/wp-content\/uploads\/2023\/10\/logo.jpg\",\"width\":640,\"height\":640,\"caption\":\"Florian\"},\"logo\":{\"@id\":\"https:\/\/www.massage-florian.be\/#\/schema\/person\/image\/\"}}]}<\/script>\n<!-- \/ Yoast SEO plugin. -->","yoast_head_json":{"title":"- Massage Florian","robots":{"index":"index","follow":"follow","max-snippet":"max-snippet:-1","max-image-preview":"max-image-preview:large","max-video-preview":"max-video-preview:-1"},"canonical":"https:\/\/www.massage-florian.be\/","og_locale":"fr_FR","og_type":"article","og_title":"- Massage Florian","og_description":"Massage bien-\u00eatre \u00e0 domicile et en entreprise \u00e0 Bruxelles Relaxation profonde \u2013 soulagement des tensions \u2013 r\u00e9cup\u00e9ration musculaire Je vous propose des massages professionnels adapt\u00e9s \u00e0 vos besoins : d\u00e9tente, r\u00e9duction du stress, soulagement musculaire ou r\u00e9cup\u00e9ration physique.\u00c0 domicile ou en entreprise, je me d\u00e9place avec tout le mat\u00e9riel n\u00e9cessaire pour vous offrir un moment [&hellip;]","og_url":"https:\/\/www.massage-florian.be\/","og_site_name":"Massage Florian","article_modified_time":"2026-02-06T12:20:07+00:00","twitter_card":"summary_large_image","twitter_misc":{"Dur\u00e9e de lecture estim\u00e9e":"3 minutes"},"schema":{"@context":"https:\/\/schema.org","@graph":[{"@type":"WebPage","@id":"https:\/\/www.massage-florian.be\/","url":"https:\/\/www.massage-florian.be\/","name":"- Massage Florian","isPartOf":{"@id":"https:\/\/www.massage-florian.be\/#website"},"datePublished":"2026-02-06T11:41:54+00:00","dateModified":"2026-02-06T12:20:07+00:00","inLanguage":"fr-FR","potentialAction":[{"@type":"ReadAction","target":["https:\/\/www.massage-florian.be\/"]}]},{"@type":"WebSite","@id":"https:\/\/www.massage-florian.be\/#website","url":"https:\/\/www.massage-florian.be\/","name":"Massage Florian","description":"","publisher":{"@id":"https:\/\/www.massage-florian.be\/#\/schema\/person\/cb3c718aa247a0a034a80d55732c37d6"},"potentialAction":[{"@type":"SearchAction","target":{"@type":"EntryPoint","urlTemplate":"https:\/\/www.massage-florian.be\/?s={search_term_string}"},"query-input":{"@type":"PropertyValueSpecification","valueRequired":true,"valueName":"search_term_string"}}],"inLanguage":"fr-FR"},{"@type":["Person","Organization"],"@id":"https:\/\/www.massage-florian.be\/#\/schema\/person\/cb3c718aa247a0a034a80d55732c37d6","name":"Florian","image":{"@type":"ImageObject","inLanguage":"fr-FR","@id":"https:\/\/www.massage-florian.be\/#\/schema\/person\/image\/","url":"https:\/\/www.massage-florian.be\/wp-content\/uploads\/2023\/10\/logo.jpg","contentUrl":"https:\/\/www.massage-florian.be\/wp-content\/uploads\/2023\/10\/logo.jpg","width":640,"height":640,"caption":"Florian"},"logo":{"@id":"https:\/\/www.massage-florian.be\/#\/schema\/person\/image\/"}}]}},"_links":{"self":[{"href":"https:\/\/www.massage-florian.be\/index.php\/wp-json\/wp\/v2\/pages\/507","targetHints":{"allow":["GET"]}}],"collection":[{"href":"https:\/\/www.massage-florian.be\/index.php\/wp-json\/wp\/v2\/pages"}],"about":[{"href":"https:\/\/www.massage-florian.be\/index.php\/wp-json\/wp\/v2\/types\/page"}],"author":[{"embeddable":true,"href":"https:\/\/www.massage-florian.be\/index.php\/wp-json\/wp\/v2\/users\/2"}],"replies":[{"embeddable":true,"href":"https:\/\/www.massage-florian.be\/index.php\/wp-json\/wp\/v2\/comments?post=507"}],"version-history":[{"count":10,"href":"https:\/\/www.massage-florian.be\/index.php\/wp-json\/wp\/v2\/pages\/507\/revisions"}],"predecessor-version":[{"id":521,"href":"https:\/\/www.massage-florian.be\/index.php\/wp-json\/wp\/v2\/pages\/507\/revisions\/521"}],"wp:attachment":[{"href":"https:\/\/www.massage-florian.be\/index.php\/wp-json\/wp\/v2\/media?parent=507"}],"curies":[{"name":"wp","href":"https:\/\/api.w.org\/{rel}","templated":true}]}}